{"id":2,"date":"2021-05-09T08:33:37","date_gmt":"2021-05-09T08:33:37","guid":{"rendered":"https:\/\/ryzow.com\/?page_id=2"},"modified":"2023-09-05T16:09:25","modified_gmt":"2023-09-05T16:09:25","slug":"about","status":"publish","type":"page","link":"https:\/\/ryzow.com\/","title":{"rendered":"Ryzow Family"},"content":{"rendered":"\n<p>This website details the descendants of Mendel Jakob Ry\u017cowy born 1835 and Sura Wielodr\u00f3\u017c born 1838 who lived in Zuromin Poland.<\/p>\n\n\n\n<p>During 2021 there was some extensive research made into the family tree and this will be published periodically and circulated to known family members.<\/p>\n\n\n\n<p>The purpose of this website is to share information and also to seek information from descendants around the world, that we may not be aware of, in order to add to the story of the Ryzow family for the benefit of future generations.<\/p>\n\n\n\n<p>During the course of the extended research we now know of at least twelve members of the family that were murdered by the Nazis during the Holocaust.&nbsp;<\/p>\n\n\n\n<p>This site is dedicated to their memory.<\/p>\n\n\n\n<div class=\"wp-block-columns alignwide is-layout-flex wp-container-core-columns-is-layout-829b1d53 wp-block-columns-is-layout-flex\" style=\"margin-bottom:0\">\n<div class=\"wp-block-column has-text-color has-background has-link-color wp-elements-cc9cd6a52b5b44557132b25aa60baa1c is-layout-flow wp-block-column-is-layout-flow\" style=\"color:#000000;background:linear-gradient(180deg,rgb(254,205,165) 0%,rgb(254,45,45) 50%,rgb(107,0,62) 100%);padding-top:2em;padding-right:2em;padding-bottom:2em;padding-left:2em\">\n<h2 class=\"wp-block-heading has-text-align-center has-medium-font-size\">Kaila Ryzowa<\/h2>\n\n\n\n<p class=\"has-text-align-center has-white-color has-text-color has-normal-font-size\" style=\"line-height:1.5\"><strong>1875 \u2013 1941<\/strong><\/p>\n<\/div>\n\n\n\n<div class=\"wp-block-column has-text-color has-background has-link-color wp-elements-3752bd68721321282d914a24d5bd56c3 is-layout-flow wp-block-column-is-layout-flow\" style=\"color:#000000;background:linear-gradient(180deg,rgb(254,205,165) 0%,rgb(254,45,45) 50%,rgb(107,0,62) 100%);padding-top:2em;padding-right:2em;padding-bottom:2em;padding-left:2em\">\n<h2 class=\"wp-block-heading has-text-align-center has-medium-font-size\">Avigdor Popiol<\/h2>\n\n\n\n<p class=\"has-text-align-center has-white-color has-text-color has-normal-font-size\" style=\"line-height:1.5\"><strong>1885 \u2013 1942<\/strong><\/p>\n<\/div>\n\n\n\n<div class=\"wp-block-column has-text-color has-background has-link-color wp-elements-c63af66322203301375fe02f3f3778a8 is-layout-flow wp-block-column-is-layout-flow\" style=\"color:#000000;background:linear-gradient(180deg,rgb(254,205,165) 0%,rgb(254,45,45) 50%,rgb(107,0,62) 100%);padding-top:2em;padding-right:2em;padding-bottom:2em;padding-left:2em\">\n<h2 class=\"wp-block-heading has-text-align-center has-medium-font-size\">Yehudit Gruszka<\/h2>\n\n\n\n<p class=\"has-text-align-center has-white-color has-text-color has-normal-font-size\"><strong>1888 \u2013 1942<\/strong><\/p>\n<\/div>\n\n\n\n<div class=\"wp-block-column has-text-color has-background has-link-color wp-elements-3e220edc6be80bbdf7809f2107e667f1 is-layout-flow wp-block-column-is-layout-flow\" style=\"color:#000000;background:linear-gradient(180deg,rgb(254,205,165) 0%,rgb(254,45,45) 50%,rgb(107,0,62) 100%);padding-top:2em;padding-right:2em;padding-bottom:2em;padding-left:2em\">\n<h2 class=\"wp-block-heading has-text-align-center has-medium-font-size\" id=\"patron\">Moritz Gruszka<\/h2>\n\n\n\n<p class=\"has-text-align-center has-white-color has-text-color has-normal-font-size\"><strong>1898 \u2013 1943<\/strong><\/p>\n<\/div>\n<\/div>\n\n\n\n<div style=\"height:10px\" aria-hidden=\"true\" class=\"wp-block-spacer\"><\/div>\n\n\n\n<div class=\"wp-block-columns alignwide is-layout-flex wp-container-core-columns-is-layout-829b1d53 wp-block-columns-is-layout-flex\" style=\"margin-bottom:0\">\n<div class=\"wp-block-column has-text-color has-background has-link-color wp-elements-555811df326da5ef09f41401b7249ed4 is-layout-flow wp-block-column-is-layout-flow\" style=\"color:#000000;background:linear-gradient(180deg,rgb(254,205,165) 0%,rgb(254,45,45) 50%,rgb(107,0,62) 100%);padding-top:2em;padding-right:2em;padding-bottom:2em;padding-left:2em\">\n<h2 class=\"wp-block-heading has-text-align-center has-medium-font-size\">Leon Frank<\/h2>\n\n\n\n<p class=\"has-text-align-center has-white-color has-text-color has-normal-font-size\"><strong>1910 \u2013 1942<\/strong><\/p>\n<\/div>\n\n\n\n<div class=\"wp-block-column has-text-color has-background has-link-color wp-elements-0e3eb9ba6c96fd71f4d1519d5f6026c1 is-layout-flow wp-block-column-is-layout-flow\" style=\"color:#000000;background:linear-gradient(180deg,rgb(254,205,165) 0%,rgb(254,45,45) 50%,rgb(107,0,62) 100%);padding-top:2em;padding-right:2em;padding-bottom:2em;padding-left:2em\">\n<h2 class=\"wp-block-heading has-text-align-center has-medium-font-size\">Miriam Gruszka<\/h2>\n\n\n\n<p class=\"has-text-align-right has-white-color has-text-color has-normal-font-size\" style=\"line-height:1.5\"><strong>\u2013 1942<\/strong><\/p>\n<\/div>\n\n\n\n<div class=\"wp-block-column has-text-color has-background has-link-color wp-elements-c7b07c4b63a5e075eb945d1d210dfb3a is-layout-flow wp-block-column-is-layout-flow\" style=\"color:#000000;background:linear-gradient(180deg,rgb(254,205,165) 0%,rgb(254,45,45) 50%,rgb(107,0,62) 100%);padding-top:2em;padding-right:2em;padding-bottom:2em;padding-left:2em\">\n<h2 class=\"wp-block-heading has-text-align-center has-medium-font-size\" id=\"patron\">Dawid Ryzowy<\/h2>\n\n\n\n<p class=\"has-text-align-center has-white-color has-text-color has-normal-font-size\"><strong>1903 \u2013 1942<\/strong><\/p>\n<\/div>\n\n\n\n<div class=\"wp-block-column has-text-color has-background has-link-color wp-elements-5e99ca1e5ad2f4d17337dff6b3694312 is-layout-flow wp-block-column-is-layout-flow\" style=\"color:#000000;background:linear-gradient(180deg,rgb(254,205,165) 0%,rgb(254,45,45) 50%,rgb(107,0,62) 100%);padding-top:2em;padding-right:2em;padding-bottom:2em;padding-left:2em\">\n<h2 class=\"wp-block-heading has-text-align-center has-medium-font-size\">Klarija Gruszka<\/h2>\n\n\n\n<p class=\"has-text-align-center has-white-color has-text-color has-normal-font-size\" style=\"line-height:1.5\"><strong>1911 \u2013 1942<\/strong><\/p>\n<\/div>\n<\/div>\n\n\n\n<div style=\"height:10px\" aria-hidden=\"true\" class=\"wp-block-spacer\"><\/div>\n\n\n\n<div class=\"wp-block-columns alignwide is-layout-flex wp-container-core-columns-is-layout-829b1d53 wp-block-columns-is-layout-flex\" style=\"margin-bottom:0\">\n<div class=\"wp-block-column has-text-color has-background has-link-color wp-elements-d201b0f62ce0e7f84890397b0951827a is-layout-flow wp-block-column-is-layout-flow\" style=\"color:#000000;background:linear-gradient(180deg,rgb(254,205,165) 0%,rgb(254,45,45) 50%,rgb(107,0,62) 100%);padding-top:2em;padding-right:2em;padding-bottom:2em;padding-left:2em\">\n<h2 class=\"wp-block-heading has-text-align-center has-medium-font-size\">Leizer Gruska<\/h2>\n\n\n\n<p class=\"has-text-align-center has-white-color has-text-color has-normal-font-size\" style=\"line-height:1.5\"><strong>1915 \u2013 1943<\/strong><\/p>\n<\/div>\n\n\n\n<div class=\"wp-block-column has-text-color has-background has-link-color wp-elements-2a0c412b590843e6a923d5b8f6a3c8e0 is-layout-flow wp-block-column-is-layout-flow\" style=\"color:#000000;background:linear-gradient(180deg,rgb(254,205,165) 0%,rgb(254,45,45) 50%,rgb(107,0,62) 100%);padding-top:2em;padding-right:2em;padding-bottom:2em;padding-left:2em\">\n<h2 class=\"wp-block-heading has-text-align-center has-medium-font-size\">Kalmen Gruska<\/h2>\n\n\n\n<p class=\"has-text-align-center has-white-color has-text-color has-normal-font-size\" style=\"line-height:1.5\"><strong>1919 \u2013 1943<\/strong><\/p>\n<\/div>\n\n\n\n<div class=\"wp-block-column has-text-color has-background has-link-color wp-elements-6eab459d03bb87f0d3896603f44e71a9 is-layout-flow wp-block-column-is-layout-flow\" style=\"color:#000000;background:linear-gradient(180deg,rgb(254,205,165) 0%,rgb(254,45,45) 50%,rgb(107,0,62) 100%);padding-top:2em;padding-right:2em;padding-bottom:2em;padding-left:2em\">\n<h2 class=\"wp-block-heading has-text-align-center has-medium-font-size\">Yocheved Popiol<\/h2>\n\n\n\n<p class=\"has-text-align-center has-white-color has-text-color has-normal-font-size\"><strong>1911&nbsp;\u2013&nbsp;1942<\/strong><\/p>\n<\/div>\n\n\n\n<div class=\"wp-block-column has-text-color has-background has-link-color wp-elements-0dce42ae2cd966e80e57fb9ee4e953ce is-layout-flow wp-block-column-is-layout-flow\" style=\"color:#000000;background:linear-gradient(180deg,rgb(254,205,165) 0%,rgb(254,45,45) 50%,rgb(107,0,62) 100%);padding-top:2em;padding-right:2em;padding-bottom:2em;padding-left:2em\">\n<h2 class=\"wp-block-heading has-text-align-center has-medium-font-size\" id=\"patron\">Rut Gruszka<\/h2>\n\n\n\n<p class=\"has-text-align-center has-white-color has-text-color has-normal-font-size\"><strong>1919&nbsp;\u2013&nbsp;1942<\/strong><\/p>\n<\/div>\n<\/div>\n\n\n\n<p>The roots of the Ryzowy family tree can be traced back to \u017buromin, 70 miles North West of Warsaw, Poland.<\/p>\n\n\n\n<p>The beginning of the \u017buromin settlement dates back to the 13th century. In 1795, after the Third Partition of Poland, \u017buromin became part of the Prussian Empire. In 1807, it became part of the Warsaw authority. From 1815 until WWI, it was within the Polish border. In 1867, many of the residents perished in a cholera epidemic. In 1915, during WWI, the German army invaded \u017buromin and occupied it until the end of the war in 1918.<\/p>\n\n\n\n<figure class=\"wp-block-gallery has-nested-images columns-default is-cropped wp-block-gallery-1 is-layout-flex wp-block-gallery-is-layout-flex\">\n<figure class=\"wp-block-image size-full\"><img loading=\"lazy\" decoding=\"async\" width=\"600\" height=\"450\" data-id=\"67\" src=\"https:\/\/ryzow.com\/wp-content\/uploads\/2023\/08\/jarmark-przed-kosciolem-rok-1896.jpg.webp\" alt=\"\" class=\"wp-image-67\" srcset=\"https:\/\/ryzow.com\/wp-content\/uploads\/2023\/08\/jarmark-przed-kosciolem-rok-1896.jpg.webp 600w, https:\/\/ryzow.com\/wp-content\/uploads\/2023\/08\/jarmark-przed-kosciolem-rok-1896.jpg-300x225.webp 300w\" sizes=\"auto, (max-width: 600px) 100vw, 600px\" \/><\/figure>\n\n\n\n<figure class=\"wp-block-image size-full\"><img loading=\"lazy\" decoding=\"async\" width=\"589\" height=\"347\" data-id=\"66\" src=\"https:\/\/ryzow.com\/wp-content\/uploads\/2023\/08\/zuromin-market.jpeg\" alt=\"\" class=\"wp-image-66\" srcset=\"https:\/\/ryzow.com\/wp-content\/uploads\/2023\/08\/zuromin-market.jpeg 589w, https:\/\/ryzow.com\/wp-content\/uploads\/2023\/08\/zuromin-market-300x177.jpeg 300w\" sizes=\"auto, (max-width: 589px) 100vw, 589px\" \/><\/figure>\n\n\n\n<figure class=\"wp-block-image size-full\"><img loading=\"lazy\" decoding=\"async\" width=\"600\" height=\"302\" data-id=\"68\" src=\"https:\/\/ryzow.com\/wp-content\/uploads\/2023\/08\/jarmark-przed-kosciolem.jpg.webp\" alt=\"\" class=\"wp-image-68\" srcset=\"https:\/\/ryzow.com\/wp-content\/uploads\/2023\/08\/jarmark-przed-kosciolem.jpg.webp 600w, https:\/\/ryzow.com\/wp-content\/uploads\/2023\/08\/jarmark-przed-kosciolem.jpg-300x151.webp 300w\" sizes=\"auto, (max-width: 600px) 100vw, 600px\" \/><\/figure>\n<\/figure>\n\n\n\n<p>There is no information about the beginning of Jewish settlement in \u017buromin. There are no records before the 19th century. In the last 60 years of the 19th century, the Jewish community became very well-organised. They had shuls and study-halls. The heads of the community were successful businessmen who dealt in importing grain and horses. As the community grew, the townspeople took on trades such as tailoring, shoemaking, and making leather goods. Others became barbers and millers.&nbsp;<\/p>\n\n\n\n<p>During the period between the world wars, the Jews continued to live off their trades and grain businesses. With the help of the Jewish Council, the townspeople re-established the free-loan society, which had been suspended during WWI. In 1927 alone, this free-loan society gave out 220 loans to the needy.<\/p>\n\n\n\n<p>Units of the German army entered \u017buromin in 1939, and as they did in other places, tormented the Jews. When Poland fell to the Reich, the Germans drove out the Jews. Their fate is unknown, but it appears that they suffered the same fate as the Jews of Poland.<\/p>\n\n\n\n<p>In 1835, Mendel Jakob Ryzowy was born. We know nothing about him accept that he married Sura Widodroz (born 1838) around 1865 when he was 31 and she 27.&nbsp;&nbsp;Mendel and Sura had four children that we know of. Their stories unfold in individual blog posts.<\/p>\n\n\n\n<p class=\"has-small-font-size\">*Translation based on \u201c\u017buromin,\u201d&nbsp;<em>Pinkas HaKehillot Polin: Encyclopedia of Jewish Communities in Poland,<\/em>&nbsp;Volume IV, Pp. 221-222, Yad Vashem<\/p>\n","protected":false},"excerpt":{"rendered":"<p>This website details the descendants of Mendel Jakob Ry\u017cowy born 1835 and Sura Wielodr\u00f3\u017c born 1838 who lived in Zuromin Poland. During 2021 there was [&#8230;]<\/p>\n","protected":false},"author":1,"featured_media":0,"parent":0,"menu_order":0,"comment_status":"closed","ping_status":"closed","template":"","meta":{"footnotes":""},"class_list":["post-2","page","type-page","status-publish","hentry"],"_links":{"self":[{"href":"https:\/\/ryzow.com\/index.php\/wp-json\/wp\/v2\/pages\/2","targetHints":{"allow":["GET"]}}],"collection":[{"href":"https:\/\/ryzow.com\/index.php\/wp-json\/wp\/v2\/pages"}],"about":[{"href":"https:\/\/ryzow.com\/index.php\/wp-json\/wp\/v2\/types\/page"}],"author":[{"embeddable":true,"href":"https:\/\/ryzow.com\/index.php\/wp-json\/wp\/v2\/users\/1"}],"replies":[{"embeddable":true,"href":"https:\/\/ryzow.com\/index.php\/wp-json\/wp\/v2\/comments?post=2"}],"version-history":[{"count":6,"href":"https:\/\/ryzow.com\/index.php\/wp-json\/wp\/v2\/pages\/2\/revisions"}],"predecessor-version":[{"id":113,"href":"https:\/\/ryzow.com\/index.php\/wp-json\/wp\/v2\/pages\/2\/revisions\/113"}],"wp:attachment":[{"href":"https:\/\/ryzow.com\/index.php\/wp-json\/wp\/v2\/media?parent=2"}],"curies":[{"name":"wp","href":"https:\/\/api.w.org\/{rel}","templated":true}]}}